{"id":63,"date":"2019-11-06T14:03:36","date_gmt":"2019-11-06T17:03:36","guid":{"rendered":"https:\/\/laplataac.org\/laplataac\/?page_id=63"},"modified":"2019-11-07T14:29:25","modified_gmt":"2019-11-07T17:29:25","slug":"inicio","status":"publish","type":"page","link":"https:\/\/laplataac.org\/laplataac\/","title":{"rendered":"Altas Capacidades"},"content":{"rendered":"\n<p>Las aproximaciones te\u00f3ricas a la caracterizaci\u00f3n de las altas capacidades son variadas en sus criterios y, como consecuencia de esa variedad, existen diferentes categor\u00edas para conceptualizarlas. Sin embargo, desde que Howard Gardner  plante\u00f3 la Teor\u00eda de las Inteligencias M\u00faltiples, esas aproximaciones se han ido  acercando unas a otras al considerar la inteligencia como un fen\u00f3meno multifuncional.<\/p>\n\n\n\n<p>Las altas capacidades se entienden como <strong>\u00abaquellas que demuestran un nivel de  aptitud sobresaliente (definido como una capacidad excepcional para razonar y  aprender) o competencia (desempe\u00f1o documentado o rendimiento que los sit\u00fae en el  10% superior, o por encima, respecto al grupo normativo) en uno o m\u00e1s  dominios. Los dominios incluyen cualquier \u00e1rea de actividad estructurada con  su propio sistema simb\u00f3lico (las matem\u00e1ticas, la m\u00fasica, la lengua\u2026) o su propio  conjunto de destrezas sensorio motrices (la pintura, la danza, los deportes\u2026)\u00bb.<\/strong> [<em>National Association for Gifted Children, 2010<\/em>]<\/p>\n\n\n\n<p>Es importante tener en cuenta que estas capacidades no necesariamente se reflejan en un alto rendimiento acad\u00e9mico. Es decir, podemos entender las altas capacidades  como un potencial intelectual mucho mayor de lo habitual, lo  suficiente como para requerir medidas educativas espec\u00edficas, diferentes a las  generales, para que la persona pueda desarrollarse plenamente. <\/p>\n\n\n\n<p style=\"text-align:right\"><em>La presente definici\u00f3n se encuentra en el  material desarrollado por el Ministerio de Educaci\u00f3n, Ciencia y Tecnolog\u00eda de la Rep\u00fablica Argentina, en el marco de la Fundamentos y Pr\u00e1cticas para la Inclusi\u00f3n Educativa<\/em><br><strong><a href=\"https:\/\/www.argentina.gob.ar\/noticias\/ya-estan-disponibles-los-materiales-educativos-para-fortalecer-la-inclusion-en-las-escuelas\">sitio web<\/a><\/strong><\/p>\n\n\n\n<blockquote class=\"wp-block-quote\"><p><strong>Ministerio de Educaci\u00f3n, Cultura, Ciencia<\/strong> <strong>y Tecnolog\u00eda de la Naci\u00f3n <\/strong>  <\/p><p>&#8211; Coordinaci\u00f3n Nacional de Educaci\u00f3n Inclusiva <br>&#8211; Abrazo Arco Iris<br>&#8211; Embajadores ACI Argentina<br>&#8211; Mariela Vergara Panzeri<br>&#8211; Mensa Argentina<br>&#8211; Magdalena Orlando    Consultora de Educaci\u00f3n de UNICEF Argentina <\/p><p><strong>ISBN<\/strong>: 978-987-47076-9-7  <br>La presente publicaci\u00f3n cont\u00f3 con el apoyo   de la oficina de UNICEF Argentina.<\/p><p><\/p><\/blockquote>\n","protected":false},"excerpt":{"rendered":"<p>Las aproximaciones te\u00f3ricas a la caracterizaci\u00f3n de las altas capacidades son variadas en sus criterios y, como consecuencia de esa variedad, existen diferentes categor\u00edas para conceptualizarlas. Sin embargo, desde que Howard Gardner plante\u00f3 la Teor\u00eda de las Inteligencias M\u00faltiples, esas aproximaciones se han ido acercando unas a otras al considerar la inteligencia como un fen\u00f3meno &hellip; <\/p>\n<p class=\"link-more\"><a href=\"https:\/\/laplataac.org\/laplataac\/\" class=\"more-link\">Continuar leyendo<span class=\"screen-reader-text\"> \u00abAltas Capacidades\u00bb<\/span><\/a><\/p>\n","protected":false},"author":1,"featured_media":0,"parent":0,"menu_order":0,"comment_status":"closed","ping_status":"closed","template":"","meta":{"footnotes":""},"_links":{"self":[{"href":"https:\/\/laplataac.org\/laplataac\/wp-json\/wp\/v2\/pages\/63"}],"collection":[{"href":"https:\/\/laplataac.org\/laplataac\/wp-json\/wp\/v2\/pages"}],"about":[{"href":"https:\/\/laplataac.org\/laplataac\/wp-json\/wp\/v2\/types\/page"}],"author":[{"embeddable":true,"href":"https:\/\/laplataac.org\/laplataac\/wp-json\/wp\/v2\/users\/1"}],"replies":[{"embeddable":true,"href":"https:\/\/laplataac.org\/laplataac\/wp-json\/wp\/v2\/comments?post=63"}],"version-history":[{"count":11,"href":"https:\/\/laplataac.org\/laplataac\/wp-json\/wp\/v2\/pages\/63\/revisions"}],"predecessor-version":[{"id":141,"href":"https:\/\/laplataac.org\/laplataac\/wp-json\/wp\/v2\/pages\/63\/revisions\/141"}],"wp:attachment":[{"href":"https:\/\/laplataac.org\/laplataac\/wp-json\/wp\/v2\/media?parent=63"}],"curies":[{"name":"wp","href":"https:\/\/api.w.org\/{rel}","templated":true}]}}